{"id":30,"date":"2023-09-27T22:31:19","date_gmt":"2023-09-27T20:31:19","guid":{"rendered":"http:\/\/xn--kosiski-6jb.pl\/?page_id=30"},"modified":"2023-09-27T23:03:57","modified_gmt":"2023-09-27T21:03:57","slug":"strona-nr-1","status":"publish","type":"page","link":"https:\/\/xn--kosiski-6jb.pl\/","title":{"rendered":"Witamy"},"content":{"rendered":"\n<h2 class=\"wp-block-heading has-text-color has-link-color wp-elements-361a612dd9b6fde22137916f4e4e05d4\" style=\"color:#3a46cb\"><mark style=\"background-color:rgba(0, 0, 0, 0);color:#665555\" class=\"has-inline-color\">Kosi\u0144scy Witryna rodzinna<\/mark><\/h2>\n\n\n\n<pre class=\"wp-block-verse has-text-align-center\"><strong><mark style=\"background-color:rgba(0, 0, 0, 0);color:#926e6e\" class=\"has-inline-color\">Witamy w WordPressie. To jest tw\u00f3j pierwszy wpis. Edytuj go lub usu\u0144, a nast\u0119pnie zacznij pisa\u0107!<\/mark><\/strong><\/pre>\n","protected":false},"excerpt":{"rendered":"<p>Kosi\u0144scy Witryna rodzinna Witamy w WordPressie. To jest tw\u00f3j pierwszy wpis. Edytuj go lub usu\u0144, a nast\u0119pnie zacznij pisa\u0107!<\/p>\n","protected":false},"author":1,"featured_media":0,"parent":0,"menu_order":1,"comment_status":"closed","ping_status":"closed","template":"","meta":{"footnotes":""},"_links":{"self":[{"href":"https:\/\/xn--kosiski-6jb.pl\/index.php?rest_route=\/wp\/v2\/pages\/30"}],"collection":[{"href":"https:\/\/xn--kosiski-6jb.pl\/index.php?rest_route=\/wp\/v2\/pages"}],"about":[{"href":"https:\/\/xn--kosiski-6jb.pl\/index.php?rest_route=\/wp\/v2\/types\/page"}],"author":[{"embeddable":true,"href":"https:\/\/xn--kosiski-6jb.pl\/index.php?rest_route=\/wp\/v2\/users\/1"}],"replies":[{"embeddable":true,"href":"https:\/\/xn--kosiski-6jb.pl\/index.php?rest_route=%2Fwp%2Fv2%2Fcomments&post=30"}],"version-history":[{"count":8,"href":"https:\/\/xn--kosiski-6jb.pl\/index.php?rest_route=\/wp\/v2\/pages\/30\/revisions"}],"predecessor-version":[{"id":44,"href":"https:\/\/xn--kosiski-6jb.pl\/index.php?rest_route=\/wp\/v2\/pages\/30\/revisions\/44"}],"wp:attachment":[{"href":"https:\/\/xn--kosiski-6jb.pl\/index.php?rest_route=%2Fwp%2Fv2%2Fmedia&parent=30"}],"curies":[{"name":"wp","href":"https:\/\/api.w.org\/{rel}","templated":true}]}}